{"id":2,"date":"2026-03-24T13:22:37","date_gmt":"2026-03-24T13:22:37","guid":{"rendered":"https:\/\/angie.graphics\/strassenfest-dittingen\/?page_id=2"},"modified":"2026-04-28T13:59:54","modified_gmt":"2026-04-28T13:59:54","slug":"home","status":"publish","type":"page","link":"https:\/\/angie.graphics\/strassenfest-dittingen\/","title":{"rendered":"Strassenfest Dittingen"},"content":{"rendered":"\n\n\n<h2 class=\"wp-block-heading\">vom 5.-6. Juni 2026<\/h2>\n\n\n\n\n\nSie sind herzlich eingeladen!\n\n\n\n\n\n<p>Liebe Dittingerinnen, liebe Dittinger<br><br>Wir freuen uns, Sie \u00fcber das geplante Strassenfest zu informieren, das seit August 2024 von einem engagierten Organisationskomitee (OK) vorbereitet wird. <strong><br>Notieren Sie sich schon jetzt den Samstag, 6. Juni 2026, denn an diesem Tag m\u00f6chten wir gemeinsam unsere neue Dorfstrasse feiern.<\/strong><br><br>Wichtigste Informationen zum geplanten Strassenfest: <br><br>Das eint\u00e4gige Fest findet am Samstag, 6. Juni 2026 statt und l\u00e4dt alle Einwohnerinnen und Einwohner sowie alle &#8222;Heimweh-Dittinger&#8220; herzlich dazu ein, diesen Tag gemeinsam zu verbringen. Ziel des Strassenfests ist es, die neue Dorfstrasse geb\u00fchrend zu feiern und Begegnungen zu erm\u00f6glichen, den Austausch zu f\u00f6rdern und Raum f\u00fcr Gemeinschaft sowie neue Kontakte zu schaffen. Freuen Sie sich schon heute auf ein vielseitiges Angebot von Dittinger Vereinen und Gruppierungen. Von Ap\u00e9ro-H\u00e4ppchen \u00fcber Fischknusperli, Pizza oder Poulet bis hin zu Kaffee und Kuchen. Zwischen Posth\u00fcbeli und Schulhaus werden Hauspl\u00e4tze und Scheunen ge\u00f6ffnet und laden mit gem\u00fctlicher Atmosph\u00e4re zum Essen und Verweilen ein.<\/p>\n\n\n\n\n\n\n\n\n\nOrganisationskomitee\n\n\n\n\n\nDas Organisationskomitee setzt sich aus folgenden Personen zusammen:\n\n\n\n\n\n<p style=\"text-align: center;\"><strong>OK-Pr\u00e4sidium<\/strong><\/p>\n<p style=\"text-align: center;\">(Segelfluggruppe)<\/p>\n\n\n\n\n\n<p style=\"text-align: center;\"><strong>Vize-Pr\u00e4sidium<\/strong><\/p>\n<p style=\"text-align: center;\">(Gemeinderat, Fasnachtsfrauen)<\/p>\n\n\n\n\n\n<p style=\"text-align: center;\"><strong>Werbung<\/strong><\/p>\n<p style=\"text-align: center;\">(Feldsch\u00fctzengesellschaft)<\/p>\n\n\n\n\n\n\n\n<p style=\"text-align: center;\"><strong>Sicherheit<\/strong><\/p>\n<p style=\"text-align: center;\">(Segelfluggruppe)<\/p>\n\n\n\n\n\n<p style=\"text-align: center;\"><strong>Bau, Parkpl\u00e4tze, Verkehr<\/strong><\/p>\n<p style=\"text-align: center;\">(M\u00e4nnerchor)<\/p>\n\n\n\n\n\n<p style=\"text-align: center;\"><strong>Sekretariat, Administration<\/strong><\/p>\n<p style=\"text-align: center;\">(M\u00e4nnerriege, Rebzunft)<\/p>\n\n\n\n\n","protected":false},"excerpt":{"rendered":"<p>vom 5.-6. Juni 2026<\/p>\n","protected":false},"author":1,"featured_media":0,"parent":0,"menu_order":0,"comment_status":"closed","ping_status":"closed","template":"","meta":{"pagelayer_contact_templates":[],"_pagelayer_content":"","footnotes":""},"class_list":["post-2","page","type-page","status-publish","hentry"],"_links":{"self":[{"href":"https:\/\/angie.graphics\/strassenfest-dittingen\/wp-json\/wp\/v2\/pages\/2","targetHints":{"allow":["GET"]}}],"collection":[{"href":"https:\/\/angie.graphics\/strassenfest-dittingen\/wp-json\/wp\/v2\/pages"}],"about":[{"href":"https:\/\/angie.graphics\/strassenfest-dittingen\/wp-json\/wp\/v2\/types\/page"}],"author":[{"embeddable":true,"href":"https:\/\/angie.graphics\/strassenfest-dittingen\/wp-json\/wp\/v2\/users\/1"}],"replies":[{"embeddable":true,"href":"https:\/\/angie.graphics\/strassenfest-dittingen\/wp-json\/wp\/v2\/comments?post=2"}],"version-history":[{"count":15,"href":"https:\/\/angie.graphics\/strassenfest-dittingen\/wp-json\/wp\/v2\/pages\/2\/revisions"}],"predecessor-version":[{"id":1237,"href":"https:\/\/angie.graphics\/strassenfest-dittingen\/wp-json\/wp\/v2\/pages\/2\/revisions\/1237"}],"wp:attachment":[{"href":"https:\/\/angie.graphics\/strassenfest-dittingen\/wp-json\/wp\/v2\/media?parent=2"}],"curies":[{"name":"wp","href":"https:\/\/api.w.org\/{rel}","templated":true}]}}